{"id":148,"date":"2023-07-09T19:25:13","date_gmt":"2023-07-09T17:25:13","guid":{"rendered":"https:\/\/lcdmusique.fr\/?page_id=148"},"modified":"2023-09-04T18:03:04","modified_gmt":"2023-09-04T16:03:04","slug":"laure-coignard-professeur-de-piano","status":"publish","type":"page","link":"https:\/\/lcdmusique.fr\/?page_id=148","title":{"rendered":"Laure COIGNARD"},"content":{"rendered":"\n<p>Je suis professeur de piano depuis plusieurs ann\u00e9es, j&rsquo;enseigne \u00e0 des \u00e9l\u00e8ves de tous \u00e2ges et de tous niveaux.<\/p>\n\n\n\n<p>Cette exp\u00e9rience me permets de pratiquer plusieurs m\u00e9thodes et de m&rsquo;adapter aux capacit\u00e9s et objectifs de chacun.<\/p>\n\n\n\n<p>Le choix des morceaux \u00e9tudi\u00e9s ce fait en commun accord dans divers registres (classique, musique de films, vari\u00e9t\u00e9). Parall\u00e8lement j&rsquo;aborde l&rsquo;aspect technique tels que la formation musicale, le d\u00e9chiffrage, la lecture du chiffrage am\u00e9ricain et la technique de l&rsquo;instrument.<\/p>\n\n\n\n<p>Pour les petits j&rsquo;utilise une m\u00e9thode sp\u00e9cifique pour les 5 &#8211; 8 ans. Avec ce manuel, l&rsquo;enfant peut effectuer rapidement de petites cantines \u00e0 deux mains.<\/p>\n\n\n\n<p>Quelque soit l&rsquo;\u00e2ge et le niveau, mon objectif est de donner ou redonner go\u00fbt \u00e0 la musique en douceur et au rythme de l&rsquo;\u00e9l\u00e8ve.<\/p>\n","protected":false},"excerpt":{"rendered":"<p>Je suis professeur de piano depuis plusieurs ann\u00e9es, j&rsquo;enseigne \u00e0 des \u00e9l\u00e8ves de tous \u00e2ges et de tous niveaux. Cette exp\u00e9rience me permets de pratiquer plusieurs m\u00e9thodes et de m&rsquo;adapter aux capacit\u00e9s et objectifs de chacun. Le choix des morceaux \u00e9tudi\u00e9s ce fait en commun accord dans divers registres (classique, musique de films, vari\u00e9t\u00e9). Parall\u00e8lement [&hellip;]<\/p>\n","protected":false},"author":1,"featured_media":0,"parent":0,"menu_order":0,"comment_status":"closed","ping_status":"closed","template":"","meta":{"footnotes":""},"class_list":["post-148","page","type-page","status-publish","hentry"],"yoast_head":"<!-- This site is optimized with the Yoast SEO plugin v25.6 - https:\/\/yoast.com\/wordpress\/plugins\/seo\/ -->\n<title>Laure COIGNARD - LES CHEMINS DE LA MUSIQUE<\/title>\n<meta name=\"description\" content=\"Pr\u00e9sentation de Laure Coignard, professeur de piano chez &quot;Les Chemins de la Musique&quot; \u00e0 Saint-L\u00e9ger-en-Yvelines, Prouais, Raizeux et Orgerus\" \/>\n<meta name=\"robots\" content=\"index, follow, max-snippet:-1, max-image-preview:large, max-video-preview:-1\" \/>\n<link rel=\"canonical\" href=\"https:\/\/lcdmusique.fr\/?page_id=148\" \/>\n<meta property=\"og:locale\" content=\"fr_FR\" \/>\n<meta property=\"og:type\" content=\"article\" \/>\n<meta property=\"og:title\" content=\"Laure COIGNARD - LES CHEMINS DE LA MUSIQUE\" \/>\n<meta property=\"og:description\" content=\"Pr\u00e9sentation de Laure Coignard, professeur de piano chez &quot;Les Chemins de la Musique&quot; \u00e0 Saint-L\u00e9ger-en-Yvelines, Prouais, Raizeux et Orgerus\" \/>\n<meta property=\"og:url\" content=\"https:\/\/lcdmusique.fr\/?page_id=148\" \/>\n<meta property=\"og:site_name\" content=\"LES CHEMINS DE LA MUSIQUE\" \/>\n<meta property=\"article:modified_time\" content=\"2023-09-04T16:03:04+00:00\" \/>\n<meta name=\"twitter:card\" content=\"summary_large_image\" \/>\n<meta name=\"twitter:label1\" content=\"Dur\u00e9e de lecture estim\u00e9e\" \/>\n\t<meta name=\"twitter:data1\" content=\"1 minute\" \/>\n<script type=\"application\/ld+json\" class=\"yoast-schema-graph\">{\"@context\":\"https:\/\/schema.org\",\"@graph\":[{\"@type\":\"WebPage\",\"@id\":\"https:\/\/lcdmusique.fr\/?page_id=148\",\"url\":\"https:\/\/lcdmusique.fr\/?page_id=148\",\"name\":\"Laure COIGNARD - LES CHEMINS DE LA MUSIQUE\",\"isPartOf\":{\"@id\":\"http:\/\/lcdmusique.fr\/#website\"},\"datePublished\":\"2023-07-09T17:25:13+00:00\",\"dateModified\":\"2023-09-04T16:03:04+00:00\",\"description\":\"Pr\u00e9sentation de Laure Coignard, professeur de piano chez \\\"Les Chemins de la Musique\\\" \u00e0 Saint-L\u00e9ger-en-Yvelines, Prouais, Raizeux et Orgerus\",\"breadcrumb\":{\"@id\":\"https:\/\/lcdmusique.fr\/?page_id=148#breadcrumb\"},\"inLanguage\":\"fr-FR\",\"potentialAction\":[{\"@type\":\"ReadAction\",\"target\":[\"https:\/\/lcdmusique.fr\/?page_id=148\"]}]},{\"@type\":\"BreadcrumbList\",\"@id\":\"https:\/\/lcdmusique.fr\/?page_id=148#breadcrumb\",\"itemListElement\":[{\"@type\":\"ListItem\",\"position\":1,\"name\":\"Accueil\",\"item\":\"http:\/\/lcdmusique.fr\/\"},{\"@type\":\"ListItem\",\"position\":2,\"name\":\"Laure COIGNARD\"}]},{\"@type\":\"WebSite\",\"@id\":\"http:\/\/lcdmusique.fr\/#website\",\"url\":\"http:\/\/lcdmusique.fr\/\",\"name\":\"LES CHEMINS DE LA MUSIQUE\",\"description\":\"\",\"publisher\":{\"@id\":\"http:\/\/lcdmusique.fr\/#organization\"},\"potentialAction\":[{\"@type\":\"SearchAction\",\"target\":{\"@type\":\"EntryPoint\",\"urlTemplate\":\"http:\/\/lcdmusique.fr\/?s={search_term_string}\"},\"query-input\":{\"@type\":\"PropertyValueSpecification\",\"valueRequired\":true,\"valueName\":\"search_term_string\"}}],\"inLanguage\":\"fr-FR\"},{\"@type\":\"Organization\",\"@id\":\"http:\/\/lcdmusique.fr\/#organization\",\"name\":\"Les chemins de la musique\",\"url\":\"http:\/\/lcdmusique.fr\/\",\"logo\":{\"@type\":\"ImageObject\",\"inLanguage\":\"fr-FR\",\"@id\":\"http:\/\/lcdmusique.fr\/#\/schema\/logo\/image\/\",\"url\":\"https:\/\/i0.wp.com\/lcdmusique.fr\/wp-content\/uploads\/2022\/06\/logo-1.jpg?fit=842%2C404&ssl=1\",\"contentUrl\":\"https:\/\/i0.wp.com\/lcdmusique.fr\/wp-content\/uploads\/2022\/06\/logo-1.jpg?fit=842%2C404&ssl=1\",\"width\":842,\"height\":404,\"caption\":\"Les chemins de la musique\"},\"image\":{\"@id\":\"http:\/\/lcdmusique.fr\/#\/schema\/logo\/image\/\"}}]}<\/script>\n<!-- \/ Yoast SEO plugin. -->","yoast_head_json":{"title":"Laure COIGNARD - LES CHEMINS DE LA MUSIQUE","description":"Pr\u00e9sentation de Laure Coignard, professeur de piano chez \"Les Chemins de la Musique\" \u00e0 Saint-L\u00e9ger-en-Yvelines, Prouais, Raizeux et Orgerus","robots":{"index":"index","follow":"follow","max-snippet":"max-snippet:-1","max-image-preview":"max-image-preview:large","max-video-preview":"max-video-preview:-1"},"canonical":"https:\/\/lcdmusique.fr\/?page_id=148","og_locale":"fr_FR","og_type":"article","og_title":"Laure COIGNARD - LES CHEMINS DE LA MUSIQUE","og_description":"Pr\u00e9sentation de Laure Coignard, professeur de piano chez \"Les Chemins de la Musique\" \u00e0 Saint-L\u00e9ger-en-Yvelines, Prouais, Raizeux et Orgerus","og_url":"https:\/\/lcdmusique.fr\/?page_id=148","og_site_name":"LES CHEMINS DE LA MUSIQUE","article_modified_time":"2023-09-04T16:03:04+00:00","twitter_card":"summary_large_image","twitter_misc":{"Dur\u00e9e de lecture estim\u00e9e":"1 minute"},"schema":{"@context":"https:\/\/schema.org","@graph":[{"@type":"WebPage","@id":"https:\/\/lcdmusique.fr\/?page_id=148","url":"https:\/\/lcdmusique.fr\/?page_id=148","name":"Laure COIGNARD - LES CHEMINS DE LA MUSIQUE","isPartOf":{"@id":"http:\/\/lcdmusique.fr\/#website"},"datePublished":"2023-07-09T17:25:13+00:00","dateModified":"2023-09-04T16:03:04+00:00","description":"Pr\u00e9sentation de Laure Coignard, professeur de piano chez \"Les Chemins de la Musique\" \u00e0 Saint-L\u00e9ger-en-Yvelines, Prouais, Raizeux et Orgerus","breadcrumb":{"@id":"https:\/\/lcdmusique.fr\/?page_id=148#breadcrumb"},"inLanguage":"fr-FR","potentialAction":[{"@type":"ReadAction","target":["https:\/\/lcdmusique.fr\/?page_id=148"]}]},{"@type":"BreadcrumbList","@id":"https:\/\/lcdmusique.fr\/?page_id=148#breadcrumb","itemListElement":[{"@type":"ListItem","position":1,"name":"Accueil","item":"http:\/\/lcdmusique.fr\/"},{"@type":"ListItem","position":2,"name":"Laure COIGNARD"}]},{"@type":"WebSite","@id":"http:\/\/lcdmusique.fr\/#website","url":"http:\/\/lcdmusique.fr\/","name":"LES CHEMINS DE LA MUSIQUE","description":"","publisher":{"@id":"http:\/\/lcdmusique.fr\/#organization"},"potentialAction":[{"@type":"SearchAction","target":{"@type":"EntryPoint","urlTemplate":"http:\/\/lcdmusique.fr\/?s={search_term_string}"},"query-input":{"@type":"PropertyValueSpecification","valueRequired":true,"valueName":"search_term_string"}}],"inLanguage":"fr-FR"},{"@type":"Organization","@id":"http:\/\/lcdmusique.fr\/#organization","name":"Les chemins de la musique","url":"http:\/\/lcdmusique.fr\/","logo":{"@type":"ImageObject","inLanguage":"fr-FR","@id":"http:\/\/lcdmusique.fr\/#\/schema\/logo\/image\/","url":"https:\/\/i0.wp.com\/lcdmusique.fr\/wp-content\/uploads\/2022\/06\/logo-1.jpg?fit=842%2C404&ssl=1","contentUrl":"https:\/\/i0.wp.com\/lcdmusique.fr\/wp-content\/uploads\/2022\/06\/logo-1.jpg?fit=842%2C404&ssl=1","width":842,"height":404,"caption":"Les chemins de la musique"},"image":{"@id":"http:\/\/lcdmusique.fr\/#\/schema\/logo\/image\/"}}]}},"jetpack_sharing_enabled":true,"_links":{"self":[{"href":"https:\/\/lcdmusique.fr\/index.php?rest_route=\/wp\/v2\/pages\/148","targetHints":{"allow":["GET"]}}],"collection":[{"href":"https:\/\/lcdmusique.fr\/index.php?rest_route=\/wp\/v2\/pages"}],"about":[{"href":"https:\/\/lcdmusique.fr\/index.php?rest_route=\/wp\/v2\/types\/page"}],"author":[{"embeddable":true,"href":"https:\/\/lcdmusique.fr\/index.php?rest_route=\/wp\/v2\/users\/1"}],"replies":[{"embeddable":true,"href":"https:\/\/lcdmusique.fr\/index.php?rest_route=%2Fwp%2Fv2%2Fcomments&post=148"}],"version-history":[{"count":7,"href":"https:\/\/lcdmusique.fr\/index.php?rest_route=\/wp\/v2\/pages\/148\/revisions"}],"predecessor-version":[{"id":258,"href":"https:\/\/lcdmusique.fr\/index.php?rest_route=\/wp\/v2\/pages\/148\/revisions\/258"}],"wp:attachment":[{"href":"https:\/\/lcdmusique.fr\/index.php?rest_route=%2Fwp%2Fv2%2Fmedia&parent=148"}],"curies":[{"name":"wp","href":"https:\/\/api.w.org\/{rel}","templated":true}]}}