{"id":16,"date":"2022-06-04T20:05:42","date_gmt":"2022-06-04T18:05:42","guid":{"rendered":"http:\/\/lcdmusique.fr\/?page_id=16"},"modified":"2025-09-02T03:47:49","modified_gmt":"2025-09-02T01:47:49","slug":"les-chemins-de-la-musique","status":"publish","type":"page","link":"http:\/\/lcdmusique.fr\/","title":{"rendered":"La musique commence ici\u202f!"},"content":{"rendered":"\n<p>L&rsquo;association Les Chemins de la Musique exerce depuis plus de 20 ans maintenant. Elle est constitu\u00e9e de professeurs exp\u00e9riment\u00e9s dans le piano, la guitare, la batterie, l\u2019harmonica et le chant.<\/p>\n\n\n\n<p>Les cours durent g\u00e9n\u00e9ralement 30 minutes et s\u2019adressent aux enfants comme aux adultes de tous \u00e2ges. L\u2019association adapte les m\u00e9thodes d\u2019enseignement suivant les styles de musique abord\u00e9s et reste \u00e0 l\u2019\u00e9coute des objectifs de chacun.<\/p>\n\n\n\n<p>Chaque ann\u00e9e des repr\u00e9sentations sont organis\u00e9es pour les restos du c\u0153ur, f\u00eate de la musique, spectacle de fin d\u2019ann\u00e9e.<\/p>\n\n\n\n<p>L\u2019association \u00ab\u00a0Les Chemins de la Musique\u00a0\u00bb est implant\u00e9e sur plusieurs communes dans la r\u00e9gion de Houdan&nbsp;:<\/p>\n\n\n\n<p><strong><em>Gambais \u2013 Orgerus \u2013 Saint-L\u00e9ger-en-Yvelines \u2013 Bazainville \u2013 Prouais &#8211; Raizeux<\/em><\/strong><\/p>\n\n\n\n<p><\/p>\n\n\n\n<p>Pour plus d\u2019informations, vous pouvez contacter&nbsp;:<\/p>\n\n\n\n<p><strong><a href=\"https:\/\/lcdmusique.fr\/?page_id=148\">Laure COIGNARD<\/a> (Contact et professeur de piano)&nbsp;: 06 78 30 37 79<\/strong><\/p>\n\n\n\n<p><strong><a href=\"http:\/\/fasilajouer.fr\">David<\/a> (Pr\u00e9sident et professeur de guitare) : 06 69 96 60 00<\/strong><\/p>\n\n\n\n<div class=\"wp-block-group is-nowrap is-layout-flex wp-container-core-group-is-layout-ad2f72ca wp-block-group-is-layout-flex\">\n<figure class=\"wp-block-image size-full is-resized\"><img data-recalc-dims=\"1\" loading=\"lazy\" decoding=\"async\" width=\"512\" height=\"512\" src=\"https:\/\/i0.wp.com\/lcdmusique.fr\/wp-content\/uploads\/2025\/09\/20673.png?resize=512%2C512&#038;ssl=1\" alt=\"\" class=\"wp-image-402\" style=\"width:42px;height:auto\" srcset=\"https:\/\/i0.wp.com\/lcdmusique.fr\/wp-content\/uploads\/2025\/09\/20673.png?w=512 512w, https:\/\/i0.wp.com\/lcdmusique.fr\/wp-content\/uploads\/2025\/09\/20673.png?resize=300%2C300 300w, https:\/\/i0.wp.com\/lcdmusique.fr\/wp-content\/uploads\/2025\/09\/20673.png?resize=150%2C150 150w\" sizes=\"auto, (max-width: 512px) 100vw, 512px\" \/><\/figure>\n\n\n\n<p><a href=\"https:\/\/www.facebook.com\/profile.php?id=61579255649237\">N&rsquo;h\u00e9sitez pas \u00e0 nous suivre sur Facebook pour rester en contact ! <\/a><strong><br><\/strong><\/p>\n<\/div>\n\n\n\n<figure class=\"wp-block-image size-full\"><img data-recalc-dims=\"1\" loading=\"lazy\" decoding=\"async\" width=\"1000\" height=\"1000\" src=\"https:\/\/i0.wp.com\/lcdmusique.fr\/wp-content\/uploads\/2025\/09\/forum.png?resize=1000%2C1000&#038;ssl=1\" alt=\"\" class=\"wp-image-399\" srcset=\"https:\/\/i0.wp.com\/lcdmusique.fr\/wp-content\/uploads\/2025\/09\/forum.png?w=1000 1000w, https:\/\/i0.wp.com\/lcdmusique.fr\/wp-content\/uploads\/2025\/09\/forum.png?resize=300%2C300 300w, https:\/\/i0.wp.com\/lcdmusique.fr\/wp-content\/uploads\/2025\/09\/forum.png?resize=150%2C150 150w, https:\/\/i0.wp.com\/lcdmusique.fr\/wp-content\/uploads\/2025\/09\/forum.png?resize=768%2C768 768w\" sizes=\"auto, (max-width: 1000px) 100vw, 1000px\" \/><\/figure>\n\n\n\n<p><br><\/p>\n\n\n\n<figure class=\"wp-block-image size-full\"><img data-recalc-dims=\"1\" loading=\"lazy\" decoding=\"async\" width=\"1170\" height=\"696\" src=\"https:\/\/i0.wp.com\/lcdmusique.fr\/wp-content\/uploads\/2025\/07\/Capture-decran-2025-07-17-042649%40075x.jpg?resize=1170%2C696\" alt=\"\" class=\"wp-image-357\" srcset=\"https:\/\/i0.wp.com\/lcdmusique.fr\/wp-content\/uploads\/2025\/07\/Capture-decran-2025-07-17-042649%40075x.jpg?w=1701 1701w, https:\/\/i0.wp.com\/lcdmusique.fr\/wp-content\/uploads\/2025\/07\/Capture-decran-2025-07-17-042649%40075x.jpg?resize=300%2C178 300w, https:\/\/i0.wp.com\/lcdmusique.fr\/wp-content\/uploads\/2025\/07\/Capture-decran-2025-07-17-042649%40075x.jpg?resize=1024%2C609 1024w, https:\/\/i0.wp.com\/lcdmusique.fr\/wp-content\/uploads\/2025\/07\/Capture-decran-2025-07-17-042649%40075x.jpg?resize=768%2C457 768w, https:\/\/i0.wp.com\/lcdmusique.fr\/wp-content\/uploads\/2025\/07\/Capture-decran-2025-07-17-042649%40075x.jpg?resize=1536%2C914 1536w\" sizes=\"auto, (max-width: 1170px) 100vw, 1170px\" \/><\/figure>\n","protected":false},"excerpt":{"rendered":"<p>L&rsquo;association Les Chemins de la Musique exerce depuis plus de 20 ans maintenant. Elle est constitu\u00e9e de professeurs exp\u00e9riment\u00e9s dans le piano, la guitare, la batterie, l\u2019harmonica et le chant. Les cours durent g\u00e9n\u00e9ralement 30 minutes et s\u2019adressent aux enfants comme aux adultes de tous \u00e2ges. L\u2019association adapte les m\u00e9thodes d\u2019enseignement suivant les styles de [&hellip;]<\/p>\n","protected":false},"author":1,"featured_media":0,"parent":0,"menu_order":0,"comment_status":"closed","ping_status":"closed","template":"","meta":{"footnotes":""},"class_list":["post-16","page","type-page","status-publish","hentry"],"yoast_head":"<!-- This site is optimized with the Yoast SEO plugin v25.6 - https:\/\/yoast.com\/wordpress\/plugins\/seo\/ -->\n<title>La musique commence ici\u202f! - LES CHEMINS DE LA MUSIQUE<\/title>\n<meta name=\"description\" content=\"Les chemins de la musique propose des cours de musique dans plusieurs villes de la r\u00e9gion houdanaise dans le 78 et le 28 en milieu rural\" \/>\n<meta name=\"robots\" content=\"index, follow, max-snippet:-1, max-image-preview:large, max-video-preview:-1\" \/>\n<link rel=\"canonical\" href=\"http:\/\/lcdmusique.fr\/\" \/>\n<meta property=\"og:locale\" content=\"fr_FR\" \/>\n<meta property=\"og:type\" content=\"article\" \/>\n<meta property=\"og:title\" content=\"La musique commence ici\u202f! - LES CHEMINS DE LA MUSIQUE\" \/>\n<meta property=\"og:description\" content=\"Les chemins de la musique propose des cours de musique dans plusieurs villes de la r\u00e9gion houdanaise dans le 78 et le 28 en milieu rural\" \/>\n<meta property=\"og:url\" content=\"http:\/\/lcdmusique.fr\/\" \/>\n<meta property=\"og:site_name\" content=\"LES CHEMINS DE LA MUSIQUE\" \/>\n<meta property=\"article:modified_time\" content=\"2025-09-02T01:47:49+00:00\" \/>\n<meta property=\"og:image\" content=\"https:\/\/lcdmusique.fr\/wp-content\/uploads\/2025\/09\/20673.png\" \/>\n<meta name=\"twitter:card\" content=\"summary_large_image\" \/>\n<meta name=\"twitter:label1\" content=\"Dur\u00e9e de lecture estim\u00e9e\" \/>\n\t<meta name=\"twitter:data1\" content=\"2 minutes\" \/>\n<script type=\"application\/ld+json\" class=\"yoast-schema-graph\">{\"@context\":\"https:\/\/schema.org\",\"@graph\":[{\"@type\":\"WebPage\",\"@id\":\"http:\/\/lcdmusique.fr\/\",\"url\":\"http:\/\/lcdmusique.fr\/\",\"name\":\"La musique commence ici\u202f! - LES CHEMINS DE LA MUSIQUE\",\"isPartOf\":{\"@id\":\"http:\/\/lcdmusique.fr\/#website\"},\"primaryImageOfPage\":{\"@id\":\"http:\/\/lcdmusique.fr\/#primaryimage\"},\"image\":{\"@id\":\"http:\/\/lcdmusique.fr\/#primaryimage\"},\"thumbnailUrl\":\"https:\/\/lcdmusique.fr\/wp-content\/uploads\/2025\/09\/20673.png\",\"datePublished\":\"2022-06-04T18:05:42+00:00\",\"dateModified\":\"2025-09-02T01:47:49+00:00\",\"description\":\"Les chemins de la musique propose des cours de musique dans plusieurs villes de la r\u00e9gion houdanaise dans le 78 et le 28 en milieu rural\",\"breadcrumb\":{\"@id\":\"http:\/\/lcdmusique.fr\/#breadcrumb\"},\"inLanguage\":\"fr-FR\",\"potentialAction\":[{\"@type\":\"ReadAction\",\"target\":[\"http:\/\/lcdmusique.fr\/\"]}]},{\"@type\":\"ImageObject\",\"inLanguage\":\"fr-FR\",\"@id\":\"http:\/\/lcdmusique.fr\/#primaryimage\",\"url\":\"https:\/\/lcdmusique.fr\/wp-content\/uploads\/2025\/09\/20673.png\",\"contentUrl\":\"https:\/\/lcdmusique.fr\/wp-content\/uploads\/2025\/09\/20673.png\"},{\"@type\":\"BreadcrumbList\",\"@id\":\"http:\/\/lcdmusique.fr\/#breadcrumb\",\"itemListElement\":[{\"@type\":\"ListItem\",\"position\":1,\"name\":\"Accueil\",\"item\":\"http:\/\/lcdmusique.fr\/\"},{\"@type\":\"ListItem\",\"position\":2,\"name\":\"La musique commence ici\u202f!\"}]},{\"@type\":\"WebSite\",\"@id\":\"http:\/\/lcdmusique.fr\/#website\",\"url\":\"http:\/\/lcdmusique.fr\/\",\"name\":\"LES CHEMINS DE LA MUSIQUE\",\"description\":\"\",\"publisher\":{\"@id\":\"http:\/\/lcdmusique.fr\/#organization\"},\"potentialAction\":[{\"@type\":\"SearchAction\",\"target\":{\"@type\":\"EntryPoint\",\"urlTemplate\":\"http:\/\/lcdmusique.fr\/?s={search_term_string}\"},\"query-input\":{\"@type\":\"PropertyValueSpecification\",\"valueRequired\":true,\"valueName\":\"search_term_string\"}}],\"inLanguage\":\"fr-FR\"},{\"@type\":\"Organization\",\"@id\":\"http:\/\/lcdmusique.fr\/#organization\",\"name\":\"Les chemins de la musique\",\"url\":\"http:\/\/lcdmusique.fr\/\",\"logo\":{\"@type\":\"ImageObject\",\"inLanguage\":\"fr-FR\",\"@id\":\"http:\/\/lcdmusique.fr\/#\/schema\/logo\/image\/\",\"url\":\"https:\/\/i0.wp.com\/lcdmusique.fr\/wp-content\/uploads\/2022\/06\/logo-1.jpg?fit=842%2C404&ssl=1\",\"contentUrl\":\"https:\/\/i0.wp.com\/lcdmusique.fr\/wp-content\/uploads\/2022\/06\/logo-1.jpg?fit=842%2C404&ssl=1\",\"width\":842,\"height\":404,\"caption\":\"Les chemins de la musique\"},\"image\":{\"@id\":\"http:\/\/lcdmusique.fr\/#\/schema\/logo\/image\/\"}}]}<\/script>\n<!-- \/ Yoast SEO plugin. -->","yoast_head_json":{"title":"La musique commence ici\u202f! - LES CHEMINS DE LA MUSIQUE","description":"Les chemins de la musique propose des cours de musique dans plusieurs villes de la r\u00e9gion houdanaise dans le 78 et le 28 en milieu rural","robots":{"index":"index","follow":"follow","max-snippet":"max-snippet:-1","max-image-preview":"max-image-preview:large","max-video-preview":"max-video-preview:-1"},"canonical":"http:\/\/lcdmusique.fr\/","og_locale":"fr_FR","og_type":"article","og_title":"La musique commence ici\u202f! - LES CHEMINS DE LA MUSIQUE","og_description":"Les chemins de la musique propose des cours de musique dans plusieurs villes de la r\u00e9gion houdanaise dans le 78 et le 28 en milieu rural","og_url":"http:\/\/lcdmusique.fr\/","og_site_name":"LES CHEMINS DE LA MUSIQUE","article_modified_time":"2025-09-02T01:47:49+00:00","og_image":[{"url":"https:\/\/lcdmusique.fr\/wp-content\/uploads\/2025\/09\/20673.png","type":"","width":"","height":""}],"twitter_card":"summary_large_image","twitter_misc":{"Dur\u00e9e de lecture estim\u00e9e":"2 minutes"},"schema":{"@context":"https:\/\/schema.org","@graph":[{"@type":"WebPage","@id":"http:\/\/lcdmusique.fr\/","url":"http:\/\/lcdmusique.fr\/","name":"La musique commence ici\u202f! - LES CHEMINS DE LA MUSIQUE","isPartOf":{"@id":"http:\/\/lcdmusique.fr\/#website"},"primaryImageOfPage":{"@id":"http:\/\/lcdmusique.fr\/#primaryimage"},"image":{"@id":"http:\/\/lcdmusique.fr\/#primaryimage"},"thumbnailUrl":"https:\/\/lcdmusique.fr\/wp-content\/uploads\/2025\/09\/20673.png","datePublished":"2022-06-04T18:05:42+00:00","dateModified":"2025-09-02T01:47:49+00:00","description":"Les chemins de la musique propose des cours de musique dans plusieurs villes de la r\u00e9gion houdanaise dans le 78 et le 28 en milieu rural","breadcrumb":{"@id":"http:\/\/lcdmusique.fr\/#breadcrumb"},"inLanguage":"fr-FR","potentialAction":[{"@type":"ReadAction","target":["http:\/\/lcdmusique.fr\/"]}]},{"@type":"ImageObject","inLanguage":"fr-FR","@id":"http:\/\/lcdmusique.fr\/#primaryimage","url":"https:\/\/lcdmusique.fr\/wp-content\/uploads\/2025\/09\/20673.png","contentUrl":"https:\/\/lcdmusique.fr\/wp-content\/uploads\/2025\/09\/20673.png"},{"@type":"BreadcrumbList","@id":"http:\/\/lcdmusique.fr\/#breadcrumb","itemListElement":[{"@type":"ListItem","position":1,"name":"Accueil","item":"http:\/\/lcdmusique.fr\/"},{"@type":"ListItem","position":2,"name":"La musique commence ici\u202f!"}]},{"@type":"WebSite","@id":"http:\/\/lcdmusique.fr\/#website","url":"http:\/\/lcdmusique.fr\/","name":"LES CHEMINS DE LA MUSIQUE","description":"","publisher":{"@id":"http:\/\/lcdmusique.fr\/#organization"},"potentialAction":[{"@type":"SearchAction","target":{"@type":"EntryPoint","urlTemplate":"http:\/\/lcdmusique.fr\/?s={search_term_string}"},"query-input":{"@type":"PropertyValueSpecification","valueRequired":true,"valueName":"search_term_string"}}],"inLanguage":"fr-FR"},{"@type":"Organization","@id":"http:\/\/lcdmusique.fr\/#organization","name":"Les chemins de la musique","url":"http:\/\/lcdmusique.fr\/","logo":{"@type":"ImageObject","inLanguage":"fr-FR","@id":"http:\/\/lcdmusique.fr\/#\/schema\/logo\/image\/","url":"https:\/\/i0.wp.com\/lcdmusique.fr\/wp-content\/uploads\/2022\/06\/logo-1.jpg?fit=842%2C404&ssl=1","contentUrl":"https:\/\/i0.wp.com\/lcdmusique.fr\/wp-content\/uploads\/2022\/06\/logo-1.jpg?fit=842%2C404&ssl=1","width":842,"height":404,"caption":"Les chemins de la musique"},"image":{"@id":"http:\/\/lcdmusique.fr\/#\/schema\/logo\/image\/"}}]}},"jetpack_sharing_enabled":true,"_links":{"self":[{"href":"http:\/\/lcdmusique.fr\/index.php?rest_route=\/wp\/v2\/pages\/16","targetHints":{"allow":["GET"]}}],"collection":[{"href":"http:\/\/lcdmusique.fr\/index.php?rest_route=\/wp\/v2\/pages"}],"about":[{"href":"http:\/\/lcdmusique.fr\/index.php?rest_route=\/wp\/v2\/types\/page"}],"author":[{"embeddable":true,"href":"http:\/\/lcdmusique.fr\/index.php?rest_route=\/wp\/v2\/users\/1"}],"replies":[{"embeddable":true,"href":"http:\/\/lcdmusique.fr\/index.php?rest_route=%2Fwp%2Fv2%2Fcomments&post=16"}],"version-history":[{"count":23,"href":"http:\/\/lcdmusique.fr\/index.php?rest_route=\/wp\/v2\/pages\/16\/revisions"}],"predecessor-version":[{"id":403,"href":"http:\/\/lcdmusique.fr\/index.php?rest_route=\/wp\/v2\/pages\/16\/revisions\/403"}],"wp:attachment":[{"href":"http:\/\/lcdmusique.fr\/index.php?rest_route=%2Fwp%2Fv2%2Fmedia&parent=16"}],"curies":[{"name":"wp","href":"https:\/\/api.w.org\/{rel}","templated":true}]}}